{"id":162,"date":"2020-10-09T10:52:59","date_gmt":"2020-10-09T10:52:59","guid":{"rendered":"http:\/\/emilbalic.com\/?page_id=162"},"modified":"2024-03-27T01:39:38","modified_gmt":"2024-03-27T01:39:38","slug":"contact","status":"publish","type":"page","link":"https:\/\/emilbalic.com\/en\/contact\/","title":{"rendered":"Contact"},"content":{"rendered":"<div data-elementor-type=\"wp-page\" data-elementor-id=\"162\" class=\"elementor elementor-162\">\n\t\t\t\t\t\t<section class=\"elementor-section elementor-top-section elementor-element elementor-element-3ed2a9cc elementor-section-boxed elementor-section-height-default elementor-section-height-default\" data-id=\"3ed2a9cc\" data-element_type=\"section\" data-e-type=\"section\">\n\t\t\t\t\t\t<div class=\"elementor-container elementor-column-gap-default\">\n\t\t\t\t\t<div class=\"elementor-column elementor-col-33 elementor-top-column elementor-element elementor-element-3421b24\" data-id=\"3421b24\" data-element_type=\"column\" data-e-type=\"column\">\n\t\t\t<div class=\"elementor-widget-wrap elementor-element-populated\">\n\t\t\t\t\t\t<div class=\"elementor-element elementor-element-779e5264 elementor-widget elementor-widget-image\" data-id=\"779e5264\" data-element_type=\"widget\" data-e-type=\"widget\" data-widget_type=\"image.default\">\n\t\t\t\t<div class=\"elementor-widget-container\">\n\t\t\t\t\t\t\t\t\t\t\t\t\t\t\t\t<a href=\"http:\/\/emilbalic.com\/en\/\">\n\t\t\t\t\t\t\t<img decoding=\"async\" src=\"https:\/\/emilbalic.com\/wp-content\/uploads\/2020\/11\/Logo-EB3-1.png\" title=\"logo eb emil balic\" alt=\"logo eb emil balic\" loading=\"lazy\" \/>\t\t\t\t\t\t\t\t<\/a>\n\t\t\t\t\t\t\t\t\t\t\t\t\t\t\t<\/div>\n\t\t\t\t<\/div>\n\t\t\t\t\t<\/div>\n\t\t<\/div>\n\t\t\t\t<div class=\"elementor-column elementor-col-66 elementor-top-column elementor-element elementor-element-3d7f2aee\" data-id=\"3d7f2aee\" data-element_type=\"column\" data-e-type=\"column\">\n\t\t\t<div class=\"elementor-widget-wrap elementor-element-populated\">\n\t\t\t\t\t\t<div class=\"elementor-element elementor-element-34be8910 elementor-align-right elementor-align--mobilecenter elementor-widget-mobile__width-initial elementor-hidden-phone elementor-widget elementor-widget-bl-nav-menu\" data-id=\"34be8910\" data-element_type=\"widget\" data-e-type=\"widget\" data-widget_type=\"bl-nav-menu.default\">\n\t\t\t\t<div class=\"elementor-widget-container\">\n\t\t\t\t\t            <div class=\"htbuilder-menu-area\" >\n                <nav class=\"htbuilder-nav\" id=\"htbuilder-mobilemenu-34be8910\">\n                    <ul id=\"menu-34be8910\" class=\"htbuilder-mainmenu\"><li id=\"menu-item-191\" class=\"menu-item menu-item-type-post_type menu-item-object-page menu-item-home menu-item-191\"><a href=\"https:\/\/emilbalic.com\/en\/\">Portfolio<\/a><\/li>\n<li id=\"menu-item-169\" class=\"menu-item menu-item-type-post_type menu-item-object-page menu-item-169\"><a href=\"https:\/\/emilbalic.com\/en\/directeur-artistique-graphiste-et-illustrateur-depuis-2013\/\">About<\/a><\/li>\n<li id=\"menu-item-168\" class=\"menu-item menu-item-type-post_type menu-item-object-page menu-item-168\"><a href=\"https:\/\/emilbalic.com\/en\/contact\/\">Contact<\/a><\/li>\n<\/ul>                <\/nav>\n                <!-- Mobile Menu Content -->\n                <a href=\"#\" class=\"htbuilder-mobile-button\"><i class=\"fa fa-bars\"><\/i><\/a>\n                <div class=\"htbuilder-mobile-menu-area\">\n                    <div class=\"htbuilder-mobile-menu\">\n                        <a class=\"htbuilder-mobile-close\" href=\"#\"><i class=\"fa fa-times\"><\/i><\/a>\n                        <ul id=\"menu-34be8910\" class=\"htbuilder-mainmenu\"><li id=\"menu-item-191\" class=\"menu-item menu-item-type-post_type menu-item-object-page menu-item-home menu-item-191\"><a href=\"https:\/\/emilbalic.com\/en\/\">Portfolio<\/a><\/li>\n<li id=\"menu-item-169\" class=\"menu-item menu-item-type-post_type menu-item-object-page menu-item-169\"><a href=\"https:\/\/emilbalic.com\/en\/directeur-artistique-graphiste-et-illustrateur-depuis-2013\/\">About<\/a><\/li>\n<li id=\"menu-item-168\" class=\"menu-item menu-item-type-post_type menu-item-object-page menu-item-168\"><a href=\"https:\/\/emilbalic.com\/en\/contact\/\">Contact<\/a><\/li>\n<\/ul>                    <\/div>\n                <\/div>\n                <!-- End Mobile Menu Content -->\n            <\/div>\n        \t\t\t\t<\/div>\n\t\t\t\t<\/div>\n\t\t\t\t\t<\/div>\n\t\t<\/div>\n\t\t\t\t\t<\/div>\n\t\t<\/section>\n\t\t\t\t<section class=\"elementor-section elementor-top-section elementor-element elementor-element-43f6cb39 elementor-section-boxed elementor-section-height-default elementor-section-height-default\" data-id=\"43f6cb39\" data-element_type=\"section\" data-e-type=\"section\">\n\t\t\t\t\t\t<div class=\"elementor-container elementor-column-gap-default\">\n\t\t\t\t\t<div class=\"elementor-column elementor-col-100 elementor-top-column elementor-element elementor-element-3e6295c\" data-id=\"3e6295c\" data-element_type=\"column\" data-e-type=\"column\">\n\t\t\t<div class=\"elementor-widget-wrap elementor-element-populated\">\n\t\t\t\t\t\t<div class=\"elementor-element elementor-element-90c1d96 elementor-hidden-desktop elementor-hidden-tablet elementor-widget elementor-widget-htmega-inlinemenu-addons\" data-id=\"90c1d96\" data-element_type=\"widget\" data-e-type=\"widget\" data-widget_type=\"htmega-inlinemenu-addons.default\">\n\t\t\t\t<div class=\"elementor-widget-container\">\n\t\t\t\t\t            <div class=\"htmega-inlinemenu-area htmega-inlinemenu-style-2\" >\n                <nav class=\"linemenu-nav\">\n                    <ul id=\"menu-90c1d96\" class=\"htmega-mainmenu\"><li class=\"menu-item menu-item-type-post_type menu-item-object-page menu-item-home menu-item-191\"><a href=\"https:\/\/emilbalic.com\/en\/\">Portfolio<\/a><\/li>\n<li class=\"menu-item menu-item-type-post_type menu-item-object-page menu-item-169\"><a href=\"https:\/\/emilbalic.com\/en\/directeur-artistique-graphiste-et-illustrateur-depuis-2013\/\">About<\/a><\/li>\n<li class=\"menu-item menu-item-type-post_type menu-item-object-page menu-item-168\"><a href=\"https:\/\/emilbalic.com\/en\/contact\/\">Contact<\/a><\/li>\n<\/ul>                <\/nav>\n            <\/div>\n        \t\t\t\t<\/div>\n\t\t\t\t<\/div>\n\t\t\t\t\t<\/div>\n\t\t<\/div>\n\t\t\t\t\t<\/div>\n\t\t<\/section>\n\t\t\t\t<section class=\"elementor-section elementor-top-section elementor-element elementor-element-2d22ab97 elementor-section-height-min-height elementor-section-boxed elementor-section-height-default elementor-section-items-middle\" data-id=\"2d22ab97\" data-element_type=\"section\" data-e-type=\"section\">\n\t\t\t\t\t\t<div class=\"elementor-container elementor-column-gap-default\">\n\t\t\t\t\t<div class=\"elementor-column elementor-col-100 elementor-top-column elementor-element elementor-element-276e3fd3\" data-id=\"276e3fd3\" data-element_type=\"column\" data-e-type=\"column\">\n\t\t\t<div class=\"elementor-widget-wrap elementor-element-populated\">\n\t\t\t\t\t\t<div class=\"elementor-element elementor-element-706b6a2 elementor-widget elementor-widget-text-editor\" data-id=\"706b6a2\" data-element_type=\"widget\" data-e-type=\"widget\" data-widget_type=\"text-editor.default\">\n\t\t\t\t<div class=\"elementor-widget-container\">\n\t\t\t\t\t\t\t\t\t<p>CONTACT<\/p>\t\t\t\t\t\t\t\t<\/div>\n\t\t\t\t<\/div>\n\t\t\t\t<div class=\"elementor-element elementor-element-31799521 elementor-widget elementor-widget-text-editor\" data-id=\"31799521\" data-element_type=\"widget\" data-e-type=\"widget\" data-widget_type=\"text-editor.default\">\n\t\t\t\t<div class=\"elementor-widget-container\">\n\t\t\t\t\t\t\t\t\t<p><a href=\"mailto:balic.emil@gmail.com\">balic.emil@gmail.com<\/a><\/p>\t\t\t\t\t\t\t\t<\/div>\n\t\t\t\t<\/div>\n\t\t\t\t<div class=\"elementor-element elementor-element-2b2caf2d elementor-widget elementor-widget-text-editor\" data-id=\"2b2caf2d\" data-element_type=\"widget\" data-e-type=\"widget\" data-widget_type=\"text-editor.default\">\n\t\t\t\t<div class=\"elementor-widget-container\">\n\t\t\t\t\t\t\t\t\t<p>Quick response and quote with customized solutions for each new project<\/p>\t\t\t\t\t\t\t\t<\/div>\n\t\t\t\t<\/div>\n\t\t\t\t\t<\/div>\n\t\t<\/div>\n\t\t\t\t\t<\/div>\n\t\t<\/section>\n\t\t\t\t<\/div>","protected":false},"excerpt":{"rendered":"<p>Portfolio \u00c0 propos Contact Portfolio \u00c0 propos Contact Portfolio \u00c0 propos Contact CONTACT balic.emil@gmail.com R\u00e9ponse et devis rapide avec des solutions sur-mesure pour chaque nouveau projet<\/p>","protected":false},"author":1,"featured_media":744,"parent":0,"menu_order":0,"comment_status":"closed","ping_status":"closed","template":"elementor_canvas","meta":{"footnotes":""},"class_list":["post-162","page","type-page","status-publish","has-post-thumbnail","hentry"],"yoast_head":"<!-- This site is optimized with the Yoast SEO plugin v27.4 - https:\/\/yoast.com\/product\/yoast-seo-wordpress\/ -->\n<title>Emil Balic - Contact<\/title>\n<meta name=\"description\" content=\"Directeur artistique, graphiste et illustrateur depuis 2013.\" \/>\n<meta name=\"robots\" content=\"index, follow, max-snippet:-1, max-image-preview:large, max-video-preview:-1\" \/>\n<link rel=\"canonical\" href=\"https:\/\/emilbalic.com\/en\/contact\/\" \/>\n<meta property=\"og:locale\" content=\"en_US\" \/>\n<meta property=\"og:type\" content=\"article\" \/>\n<meta property=\"og:title\" content=\"Emil Balic -\" \/>\n<meta property=\"og:description\" content=\"Directeur artistique, graphiste et illustrateur depuis 2013.\" \/>\n<meta property=\"og:url\" content=\"https:\/\/emilbalic.com\/en\/contact\/\" \/>\n<meta property=\"og:site_name\" content=\"Emil Balic\" \/>\n<meta property=\"article:modified_time\" content=\"2024-03-27T01:39:38+00:00\" \/>\n<meta property=\"og:image\" content=\"http:\/\/emilbalic.com\/wp-content\/uploads\/2020\/12\/emil-balic-graphiste-paris-graphic-designer-affiche-cinema-graphisme.jpg\" \/>\n\t<meta property=\"og:image:width\" content=\"966\" \/>\n\t<meta property=\"og:image:height\" content=\"800\" \/>\n\t<meta property=\"og:image:type\" content=\"image\/jpeg\" \/>\n<meta name=\"twitter:card\" content=\"summary_large_image\" \/>\n<meta name=\"twitter:title\" content=\"Emil Balic -\" \/>\n<meta name=\"twitter:description\" content=\"Directeur artistique, graphiste et illustrateur depuis 2013.\" \/>\n<meta name=\"twitter:image\" content=\"https:\/\/emilbalic.com\/wp-content\/uploads\/2020\/12\/emil-balic-graphiste-paris-graphic-designer-affiche-cinema-graphisme.jpg\" \/>\n<meta name=\"twitter:label1\" content=\"Est. reading time\" \/>\n\t<meta name=\"twitter:data1\" content=\"1 minute\" \/>\n<script type=\"application\/ld+json\" class=\"yoast-schema-graph\">{\"@context\":\"https:\\\/\\\/schema.org\",\"@graph\":[{\"@type\":\"WebPage\",\"@id\":\"https:\\\/\\\/emilbalic.com\\\/contact\\\/\",\"url\":\"https:\\\/\\\/emilbalic.com\\\/contact\\\/\",\"name\":\"Emil Balic - Contact\",\"isPartOf\":{\"@id\":\"https:\\\/\\\/emilbalic.com\\\/#website\"},\"primaryImageOfPage\":{\"@id\":\"https:\\\/\\\/emilbalic.com\\\/contact\\\/#primaryimage\"},\"image\":{\"@id\":\"https:\\\/\\\/emilbalic.com\\\/contact\\\/#primaryimage\"},\"thumbnailUrl\":\"https:\\\/\\\/emilbalic.com\\\/wp-content\\\/uploads\\\/2020\\\/12\\\/emil-balic-graphiste-paris-graphic-designer-affiche-cinema-graphisme.jpg\",\"datePublished\":\"2020-10-09T10:52:59+00:00\",\"dateModified\":\"2024-03-27T01:39:38+00:00\",\"description\":\"Directeur artistique, graphiste et illustrateur depuis 2013.\",\"breadcrumb\":{\"@id\":\"https:\\\/\\\/emilbalic.com\\\/contact\\\/#breadcrumb\"},\"inLanguage\":\"en-US\",\"potentialAction\":[{\"@type\":\"ReadAction\",\"target\":[\"https:\\\/\\\/emilbalic.com\\\/contact\\\/\"]}]},{\"@type\":\"ImageObject\",\"inLanguage\":\"en-US\",\"@id\":\"https:\\\/\\\/emilbalic.com\\\/contact\\\/#primaryimage\",\"url\":\"https:\\\/\\\/emilbalic.com\\\/wp-content\\\/uploads\\\/2020\\\/12\\\/emil-balic-graphiste-paris-graphic-designer-affiche-cinema-graphisme.jpg\",\"contentUrl\":\"https:\\\/\\\/emilbalic.com\\\/wp-content\\\/uploads\\\/2020\\\/12\\\/emil-balic-graphiste-paris-graphic-designer-affiche-cinema-graphisme.jpg\",\"width\":966,\"height\":800,\"caption\":\"emil-balic-graphiste-paris-graphic-designer-affiche-cinema-graphisme\"},{\"@type\":\"BreadcrumbList\",\"@id\":\"https:\\\/\\\/emilbalic.com\\\/contact\\\/#breadcrumb\",\"itemListElement\":[{\"@type\":\"ListItem\",\"position\":1,\"name\":\"Accueil\",\"item\":\"https:\\\/\\\/emilbalic.com\\\/\"},{\"@type\":\"ListItem\",\"position\":2,\"name\":\"Contact\"}]},{\"@type\":\"WebSite\",\"@id\":\"https:\\\/\\\/emilbalic.com\\\/#website\",\"url\":\"https:\\\/\\\/emilbalic.com\\\/\",\"name\":\"Emil Balic\",\"description\":\"Cr\u00e9ations graphiques\",\"publisher\":{\"@id\":\"https:\\\/\\\/emilbalic.com\\\/#organization\"},\"potentialAction\":[{\"@type\":\"SearchAction\",\"target\":{\"@type\":\"EntryPoint\",\"urlTemplate\":\"https:\\\/\\\/emilbalic.com\\\/?s={search_term_string}\"},\"query-input\":{\"@type\":\"PropertyValueSpecification\",\"valueRequired\":true,\"valueName\":\"search_term_string\"}}],\"inLanguage\":\"en-US\"},{\"@type\":\"Organization\",\"@id\":\"https:\\\/\\\/emilbalic.com\\\/#organization\",\"name\":\"Emil Balic\",\"url\":\"https:\\\/\\\/emilbalic.com\\\/\",\"logo\":{\"@type\":\"ImageObject\",\"inLanguage\":\"en-US\",\"@id\":\"https:\\\/\\\/emilbalic.com\\\/#\\\/schema\\\/logo\\\/image\\\/\",\"url\":\"https:\\\/\\\/emilbalic.com\\\/wp-content\\\/uploads\\\/2020\\\/11\\\/cropped-emil-balic-graphiste-paris-graphic-designer-affiche-cinema-graphisme.jpg\",\"contentUrl\":\"https:\\\/\\\/emilbalic.com\\\/wp-content\\\/uploads\\\/2020\\\/11\\\/cropped-emil-balic-graphiste-paris-graphic-designer-affiche-cinema-graphisme.jpg\",\"width\":966,\"height\":800,\"caption\":\"Emil Balic\"},\"image\":{\"@id\":\"https:\\\/\\\/emilbalic.com\\\/#\\\/schema\\\/logo\\\/image\\\/\"}}]}<\/script>\n<!-- \/ Yoast SEO plugin. -->","yoast_head_json":{"title":"Emil Balic - Contact","description":"Directeur artistique, graphiste et illustrateur depuis 2013.","robots":{"index":"index","follow":"follow","max-snippet":"max-snippet:-1","max-image-preview":"max-image-preview:large","max-video-preview":"max-video-preview:-1"},"canonical":"https:\/\/emilbalic.com\/en\/contact\/","og_locale":"en_US","og_type":"article","og_title":"Emil Balic -","og_description":"Directeur artistique, graphiste et illustrateur depuis 2013.","og_url":"https:\/\/emilbalic.com\/en\/contact\/","og_site_name":"Emil Balic","article_modified_time":"2024-03-27T01:39:38+00:00","og_image":[{"width":966,"height":800,"url":"http:\/\/emilbalic.com\/wp-content\/uploads\/2020\/12\/emil-balic-graphiste-paris-graphic-designer-affiche-cinema-graphisme.jpg","type":"image\/jpeg"}],"twitter_card":"summary_large_image","twitter_title":"Emil Balic -","twitter_description":"Directeur artistique, graphiste et illustrateur depuis 2013.","twitter_image":"https:\/\/emilbalic.com\/wp-content\/uploads\/2020\/12\/emil-balic-graphiste-paris-graphic-designer-affiche-cinema-graphisme.jpg","twitter_misc":{"Est. reading time":"1 minute"},"schema":{"@context":"https:\/\/schema.org","@graph":[{"@type":"WebPage","@id":"https:\/\/emilbalic.com\/contact\/","url":"https:\/\/emilbalic.com\/contact\/","name":"Emil Balic - Contact","isPartOf":{"@id":"https:\/\/emilbalic.com\/#website"},"primaryImageOfPage":{"@id":"https:\/\/emilbalic.com\/contact\/#primaryimage"},"image":{"@id":"https:\/\/emilbalic.com\/contact\/#primaryimage"},"thumbnailUrl":"https:\/\/emilbalic.com\/wp-content\/uploads\/2020\/12\/emil-balic-graphiste-paris-graphic-designer-affiche-cinema-graphisme.jpg","datePublished":"2020-10-09T10:52:59+00:00","dateModified":"2024-03-27T01:39:38+00:00","description":"Directeur artistique, graphiste et illustrateur depuis 2013.","breadcrumb":{"@id":"https:\/\/emilbalic.com\/contact\/#breadcrumb"},"inLanguage":"en-US","potentialAction":[{"@type":"ReadAction","target":["https:\/\/emilbalic.com\/contact\/"]}]},{"@type":"ImageObject","inLanguage":"en-US","@id":"https:\/\/emilbalic.com\/contact\/#primaryimage","url":"https:\/\/emilbalic.com\/wp-content\/uploads\/2020\/12\/emil-balic-graphiste-paris-graphic-designer-affiche-cinema-graphisme.jpg","contentUrl":"https:\/\/emilbalic.com\/wp-content\/uploads\/2020\/12\/emil-balic-graphiste-paris-graphic-designer-affiche-cinema-graphisme.jpg","width":966,"height":800,"caption":"emil-balic-graphiste-paris-graphic-designer-affiche-cinema-graphisme"},{"@type":"BreadcrumbList","@id":"https:\/\/emilbalic.com\/contact\/#breadcrumb","itemListElement":[{"@type":"ListItem","position":1,"name":"Accueil","item":"https:\/\/emilbalic.com\/"},{"@type":"ListItem","position":2,"name":"Contact"}]},{"@type":"WebSite","@id":"https:\/\/emilbalic.com\/#website","url":"https:\/\/emilbalic.com\/","name":"Emil Balic","description":"Cr\u00e9ations graphiques","publisher":{"@id":"https:\/\/emilbalic.com\/#organization"},"potentialAction":[{"@type":"SearchAction","target":{"@type":"EntryPoint","urlTemplate":"https:\/\/emilbalic.com\/?s={search_term_string}"},"query-input":{"@type":"PropertyValueSpecification","valueRequired":true,"valueName":"search_term_string"}}],"inLanguage":"en-US"},{"@type":"Organization","@id":"https:\/\/emilbalic.com\/#organization","name":"Emil Balic","url":"https:\/\/emilbalic.com\/","logo":{"@type":"ImageObject","inLanguage":"en-US","@id":"https:\/\/emilbalic.com\/#\/schema\/logo\/image\/","url":"https:\/\/emilbalic.com\/wp-content\/uploads\/2020\/11\/cropped-emil-balic-graphiste-paris-graphic-designer-affiche-cinema-graphisme.jpg","contentUrl":"https:\/\/emilbalic.com\/wp-content\/uploads\/2020\/11\/cropped-emil-balic-graphiste-paris-graphic-designer-affiche-cinema-graphisme.jpg","width":966,"height":800,"caption":"Emil Balic"},"image":{"@id":"https:\/\/emilbalic.com\/#\/schema\/logo\/image\/"}}]}},"_links":{"self":[{"href":"https:\/\/emilbalic.com\/en\/wp-json\/wp\/v2\/pages\/162","targetHints":{"allow":["GET"]}}],"collection":[{"href":"https:\/\/emilbalic.com\/en\/wp-json\/wp\/v2\/pages"}],"about":[{"href":"https:\/\/emilbalic.com\/en\/wp-json\/wp\/v2\/types\/page"}],"author":[{"embeddable":true,"href":"https:\/\/emilbalic.com\/en\/wp-json\/wp\/v2\/users\/1"}],"replies":[{"embeddable":true,"href":"https:\/\/emilbalic.com\/en\/wp-json\/wp\/v2\/comments?post=162"}],"version-history":[{"count":34,"href":"https:\/\/emilbalic.com\/en\/wp-json\/wp\/v2\/pages\/162\/revisions"}],"predecessor-version":[{"id":1231,"href":"https:\/\/emilbalic.com\/en\/wp-json\/wp\/v2\/pages\/162\/revisions\/1231"}],"wp:featuredmedia":[{"embeddable":true,"href":"https:\/\/emilbalic.com\/en\/wp-json\/wp\/v2\/media\/744"}],"wp:attachment":[{"href":"https:\/\/emilbalic.com\/en\/wp-json\/wp\/v2\/media?parent=162"}],"curies":[{"name":"wp","href":"https:\/\/api.w.org\/{rel}","templated":true}]}}